{"id":279,"date":"2020-08-25T11:41:17","date_gmt":"2020-08-25T09:41:17","guid":{"rendered":"http:\/\/uges-kompetenzlogbuch.dhcp.uni-bielefeld.de\/?page_id=279"},"modified":"2024-07-08T09:25:01","modified_gmt":"2024-07-08T09:25:01","slug":"kapitel-2-kompetenzuebersicht","status":"publish","type":"page","link":"https:\/\/www.kompetenzlogbuch.de\/index.php\/kapitel-2-kompetenzuebersicht\/","title":{"rendered":"Kapitel 2: Kompetenz\u00fcbersicht"},"content":{"rendered":"","protected":false},"excerpt":{"rendered":"","protected":false},"author":4,"featured_media":0,"parent":0,"menu_order":3,"comment_status":"closed","ping_status":"closed","template":"","meta":{"footnotes":""},"yoast_head":"<!-- This site is optimized with the Yoast SEO plugin v23.1 - https:\/\/yoast.com\/wordpress\/plugins\/seo\/ -->\n<title>Kapitel 2: Kompetenz\u00fcbersicht &#8211; Kompetenzlogbuch<\/title>\n<meta name=\"description\" content=\"\u201eKompetenzen sind Kenntnisse und praktische, routinierte Aktivit\u00e4ten sowie methodische, fachliche, pers\u00f6nliche, soziale und kreative F\u00e4higkeiten. Dazu geh\u00f6rt die Anforderungen an die eigene Person und den Kontext zu erkennen und zu reflektieren. Auf dieser Basis ist es m\u00f6glich individuell, sozial, verantwortlich, kreativ und reflektiert zu handeln\u201c (B\u00f6ddeker et al. 2019).\" \/>\n<meta name=\"robots\" content=\"index, follow, max-snippet:-1, max-image-preview:large, max-video-preview:-1\" \/>\n<link rel=\"canonical\" href=\"https:\/\/www.kompetenzlogbuch.de\/index.php\/kapitel-2-kompetenzuebersicht\/\" \/>\n<meta property=\"og:locale\" content=\"de_DE\" \/>\n<meta property=\"og:type\" content=\"article\" \/>\n<meta property=\"og:title\" content=\"Kapitel 2: Kompetenz\u00fcbersicht &#8211; Kompetenzlogbuch\" \/>\n<meta property=\"og:description\" content=\"\u201eKompetenzen sind Kenntnisse und praktische, routinierte Aktivit\u00e4ten sowie methodische, fachliche, pers\u00f6nliche, soziale und kreative F\u00e4higkeiten. Dazu geh\u00f6rt die Anforderungen an die eigene Person und den Kontext zu erkennen und zu reflektieren. Auf dieser Basis ist es m\u00f6glich individuell, sozial, verantwortlich, kreativ und reflektiert zu handeln\u201c (B\u00f6ddeker et al. 2019).\" \/>\n<meta property=\"og:url\" content=\"https:\/\/www.kompetenzlogbuch.de\/index.php\/kapitel-2-kompetenzuebersicht\/\" \/>\n<meta property=\"og:site_name\" content=\"Kompetenzlogbuch\" \/>\n<meta property=\"article:modified_time\" content=\"2024-07-08T09:25:01+00:00\" \/>\n<meta name=\"twitter:card\" content=\"summary_large_image\" \/>\n<script type=\"application\/ld+json\" class=\"yoast-schema-graph\">{\"@context\":\"https:\/\/schema.org\",\"@graph\":[{\"@type\":\"WebPage\",\"@id\":\"https:\/\/www.kompetenzlogbuch.de\/index.php\/kapitel-2-kompetenzuebersicht\/\",\"url\":\"https:\/\/www.kompetenzlogbuch.de\/index.php\/kapitel-2-kompetenzuebersicht\/\",\"name\":\"Kapitel 2: Kompetenz\u00fcbersicht &#8211; Kompetenzlogbuch\",\"isPartOf\":{\"@id\":\"https:\/\/www.kompetenzlogbuch.de\/#website\"},\"datePublished\":\"2020-08-25T09:41:17+00:00\",\"dateModified\":\"2024-07-08T09:25:01+00:00\",\"description\":\"\u201eKompetenzen sind Kenntnisse und praktische, routinierte Aktivit\u00e4ten sowie methodische, fachliche, pers\u00f6nliche, soziale und kreative F\u00e4higkeiten. Dazu geh\u00f6rt die Anforderungen an die eigene Person und den Kontext zu erkennen und zu reflektieren. Auf dieser Basis ist es m\u00f6glich individuell, sozial, verantwortlich, kreativ und reflektiert zu handeln\u201c (B\u00f6ddeker et al. 2019).\",\"breadcrumb\":{\"@id\":\"https:\/\/www.kompetenzlogbuch.de\/index.php\/kapitel-2-kompetenzuebersicht\/#breadcrumb\"},\"inLanguage\":\"de\",\"potentialAction\":[{\"@type\":\"ReadAction\",\"target\":[\"https:\/\/www.kompetenzlogbuch.de\/index.php\/kapitel-2-kompetenzuebersicht\/\"]}]},{\"@type\":\"BreadcrumbList\",\"@id\":\"https:\/\/www.kompetenzlogbuch.de\/index.php\/kapitel-2-kompetenzuebersicht\/#breadcrumb\",\"itemListElement\":[{\"@type\":\"ListItem\",\"position\":1,\"name\":\"Startseite\",\"item\":\"https:\/\/www.kompetenzlogbuch.de\/\"},{\"@type\":\"ListItem\",\"position\":2,\"name\":\"Kapitel 2: Kompetenz\u00fcbersicht\"}]},{\"@type\":\"WebSite\",\"@id\":\"https:\/\/www.kompetenzlogbuch.de\/#website\",\"url\":\"https:\/\/www.kompetenzlogbuch.de\/\",\"name\":\"Kompetenzlogbuch\",\"description\":\"F\u00e4higkeiten reflektieren und dokumentieren\",\"potentialAction\":[{\"@type\":\"SearchAction\",\"target\":{\"@type\":\"EntryPoint\",\"urlTemplate\":\"https:\/\/www.kompetenzlogbuch.de\/?s={search_term_string}\"},\"query-input\":\"required name=search_term_string\"}],\"inLanguage\":\"de\"}]}<\/script>\n<!-- \/ Yoast SEO plugin. -->","yoast_head_json":{"title":"Kapitel 2: Kompetenz\u00fcbersicht &#8211; Kompetenzlogbuch","description":"\u201eKompetenzen sind Kenntnisse und praktische, routinierte Aktivit\u00e4ten sowie methodische, fachliche, pers\u00f6nliche, soziale und kreative F\u00e4higkeiten. Dazu geh\u00f6rt die Anforderungen an die eigene Person und den Kontext zu erkennen und zu reflektieren. Auf dieser Basis ist es m\u00f6glich individuell, sozial, verantwortlich, kreativ und reflektiert zu handeln\u201c (B\u00f6ddeker et al. 2019).","robots":{"index":"index","follow":"follow","max-snippet":"max-snippet:-1","max-image-preview":"max-image-preview:large","max-video-preview":"max-video-preview:-1"},"canonical":"https:\/\/www.kompetenzlogbuch.de\/index.php\/kapitel-2-kompetenzuebersicht\/","og_locale":"de_DE","og_type":"article","og_title":"Kapitel 2: Kompetenz\u00fcbersicht &#8211; Kompetenzlogbuch","og_description":"\u201eKompetenzen sind Kenntnisse und praktische, routinierte Aktivit\u00e4ten sowie methodische, fachliche, pers\u00f6nliche, soziale und kreative F\u00e4higkeiten. Dazu geh\u00f6rt die Anforderungen an die eigene Person und den Kontext zu erkennen und zu reflektieren. Auf dieser Basis ist es m\u00f6glich individuell, sozial, verantwortlich, kreativ und reflektiert zu handeln\u201c (B\u00f6ddeker et al. 2019).","og_url":"https:\/\/www.kompetenzlogbuch.de\/index.php\/kapitel-2-kompetenzuebersicht\/","og_site_name":"Kompetenzlogbuch","article_modified_time":"2024-07-08T09:25:01+00:00","twitter_card":"summary_large_image","schema":{"@context":"https:\/\/schema.org","@graph":[{"@type":"WebPage","@id":"https:\/\/www.kompetenzlogbuch.de\/index.php\/kapitel-2-kompetenzuebersicht\/","url":"https:\/\/www.kompetenzlogbuch.de\/index.php\/kapitel-2-kompetenzuebersicht\/","name":"Kapitel 2: Kompetenz\u00fcbersicht &#8211; Kompetenzlogbuch","isPartOf":{"@id":"https:\/\/www.kompetenzlogbuch.de\/#website"},"datePublished":"2020-08-25T09:41:17+00:00","dateModified":"2024-07-08T09:25:01+00:00","description":"\u201eKompetenzen sind Kenntnisse und praktische, routinierte Aktivit\u00e4ten sowie methodische, fachliche, pers\u00f6nliche, soziale und kreative F\u00e4higkeiten. Dazu geh\u00f6rt die Anforderungen an die eigene Person und den Kontext zu erkennen und zu reflektieren. Auf dieser Basis ist es m\u00f6glich individuell, sozial, verantwortlich, kreativ und reflektiert zu handeln\u201c (B\u00f6ddeker et al. 2019).","breadcrumb":{"@id":"https:\/\/www.kompetenzlogbuch.de\/index.php\/kapitel-2-kompetenzuebersicht\/#breadcrumb"},"inLanguage":"de","potentialAction":[{"@type":"ReadAction","target":["https:\/\/www.kompetenzlogbuch.de\/index.php\/kapitel-2-kompetenzuebersicht\/"]}]},{"@type":"BreadcrumbList","@id":"https:\/\/www.kompetenzlogbuch.de\/index.php\/kapitel-2-kompetenzuebersicht\/#breadcrumb","itemListElement":[{"@type":"ListItem","position":1,"name":"Startseite","item":"https:\/\/www.kompetenzlogbuch.de\/"},{"@type":"ListItem","position":2,"name":"Kapitel 2: Kompetenz\u00fcbersicht"}]},{"@type":"WebSite","@id":"https:\/\/www.kompetenzlogbuch.de\/#website","url":"https:\/\/www.kompetenzlogbuch.de\/","name":"Kompetenzlogbuch","description":"F\u00e4higkeiten reflektieren und dokumentieren","potentialAction":[{"@type":"SearchAction","target":{"@type":"EntryPoint","urlTemplate":"https:\/\/www.kompetenzlogbuch.de\/?s={search_term_string}"},"query-input":"required name=search_term_string"}],"inLanguage":"de"}]}},"_links":{"self":[{"href":"https:\/\/www.kompetenzlogbuch.de\/index.php\/wp-json\/wp\/v2\/pages\/279"}],"collection":[{"href":"https:\/\/www.kompetenzlogbuch.de\/index.php\/wp-json\/wp\/v2\/pages"}],"about":[{"href":"https:\/\/www.kompetenzlogbuch.de\/index.php\/wp-json\/wp\/v2\/types\/page"}],"author":[{"embeddable":true,"href":"https:\/\/www.kompetenzlogbuch.de\/index.php\/wp-json\/wp\/v2\/users\/4"}],"replies":[{"embeddable":true,"href":"https:\/\/www.kompetenzlogbuch.de\/index.php\/wp-json\/wp\/v2\/comments?post=279"}],"version-history":[{"count":5,"href":"https:\/\/www.kompetenzlogbuch.de\/index.php\/wp-json\/wp\/v2\/pages\/279\/revisions"}],"predecessor-version":[{"id":874,"href":"https:\/\/www.kompetenzlogbuch.de\/index.php\/wp-json\/wp\/v2\/pages\/279\/revisions\/874"}],"wp:attachment":[{"href":"https:\/\/www.kompetenzlogbuch.de\/index.php\/wp-json\/wp\/v2\/media?parent=279"}],"curies":[{"name":"wp","href":"https:\/\/api.w.org\/{rel}","templated":true}]}}